{"id":157,"date":"2025-03-13T16:46:07","date_gmt":"2025-03-13T16:46:07","guid":{"rendered":"https:\/\/vectorcorporativo.com\/?page_id=157"},"modified":"2025-03-13T16:51:44","modified_gmt":"2025-03-13T16:51:44","slug":"contacto","status":"publish","type":"page","link":"https:\/\/vectorcorporativo.com\/index.php\/contacto\/","title":{"rendered":"Contacto"},"content":{"rendered":"\n<h2 class=\"wp-block-heading\"> <strong>Vis\u00edtanos en nuestro taller de bordado<\/strong><\/h2>\n\n\n\n<p>Encuentra nuestra ubicaci\u00f3n en el mapa para conocer m\u00e1s sobre nuestros servicios.<\/p>\n\n\n<iframe \n  src=\"https:\/\/www.google.com\/maps\/embed?pb=!1m18!1m12!1m3!1d3763.574912313873!2d-99.19032032475748!3d19.38922568187878!2m3!1f0!2f0!3f0!3m2!1i1024!2i768!4f13.1!3m3!1m2!1s0x85d1f9f1a5b4f3d3%3A0x3c01e2e33d2e5c42!2sMiguel%20Lerdo%20de%20Tejada%20325%2C%20Tezozomoc%2C%20Azcapotzalco%2C%2002459%20Ciudad%20de%20M%C3%A9xico%2C%20CDMX!5e0!3m2!1ses-419!2smx!4v1710102030405!5m2!1ses-419!2smx\" \n  width=\"100%\" \n  height=\"400\" \n  style=\"border:0;\" \n  allowfullscreen=\"\" \n  loading=\"lazy\" \n  referrerpolicy=\"no-referrer-when-downgrade\">\n<\/iframe>\n","protected":false},"excerpt":{"rendered":"<p>Vis\u00edtanos en nuestro taller de bordado Encuentra nuestra ubicaci\u00f3n en el mapa para conocer m\u00e1s sobre nuestros servicios.<\/p>\n","protected":false},"author":1,"featured_media":0,"parent":0,"menu_order":0,"comment_status":"closed","ping_status":"closed","template":"","meta":{"footnotes":""},"class_list":["post-157","page","type-page","status-publish","hentry"],"_links":{"self":[{"href":"https:\/\/vectorcorporativo.com\/index.php\/wp-json\/wp\/v2\/pages\/157","targetHints":{"allow":["GET"]}}],"collection":[{"href":"https:\/\/vectorcorporativo.com\/index.php\/wp-json\/wp\/v2\/pages"}],"about":[{"href":"https:\/\/vectorcorporativo.com\/index.php\/wp-json\/wp\/v2\/types\/page"}],"author":[{"embeddable":true,"href":"https:\/\/vectorcorporativo.com\/index.php\/wp-json\/wp\/v2\/users\/1"}],"replies":[{"embeddable":true,"href":"https:\/\/vectorcorporativo.com\/index.php\/wp-json\/wp\/v2\/comments?post=157"}],"version-history":[{"count":3,"href":"https:\/\/vectorcorporativo.com\/index.php\/wp-json\/wp\/v2\/pages\/157\/revisions"}],"predecessor-version":[{"id":160,"href":"https:\/\/vectorcorporativo.com\/index.php\/wp-json\/wp\/v2\/pages\/157\/revisions\/160"}],"wp:attachment":[{"href":"https:\/\/vectorcorporativo.com\/index.php\/wp-json\/wp\/v2\/media?parent=157"}],"curies":[{"name":"wp","href":"https:\/\/api.w.org\/{rel}","templated":true}]}}